{"id":6676,"date":"2025-07-14T19:40:34","date_gmt":"2025-07-14T17:40:34","guid":{"rendered":"https:\/\/greendrop.com.hr\/?post_type=product&#038;p=8325"},"modified":"2026-02-09T11:35:49","modified_gmt":"2026-02-09T10:35:49","slug":"cbd-ulje-puni-spektar-20-kopiraj","status":"publish","type":"product","link":"https:\/\/greendrop.com.hr\/en\/proizvod\/cbd-ulje-puni-spektar-20-kopiraj\/","title":{"rendered":"CBD ulje PUNI SPEKTAR 20% (Kopiraj)"},"content":{"rendered":"<p>CBD ULJE KAPI, 20% udio CBD-a, maslinovo ulje i ru\u017emarin co2 kao konzervans; THC &lt; 0,2%, zapremnina 10ml Bo\u010dica od 20% koncentracije sadr\u017ei 2000mg kanabinoida.<\/p>\n<p>INCI: OLEA EUROPEA FRUIT OIL, CANNABIS SATIVA LEAF EXTRACT.<\/p>\n<p>Sadr\u017ei maslinovo ulje i smolu kanabisa PUNOG SPEKTRA, sa zadr\u017eanim ostalim kanabinoidima, terpenima, flavonidima i drugim aktivnim tvarima, ru\u017emarin co2 antioksidansom kao konzervans. Testirano za omjer kanabinoida i mikrobiologiju proizvoda, certifikat zdravstvene ispravnosti. Ne sadr\u017ei parabene niti umjetne boje i mirise. Konoplja koja se koristi za ekstrakciju uzgaja se bez pesticida i herbicida, biljke su ru\u010dno ubrane i ru\u010dno obra\u0111ene, s podru\u010dja Dalmacije u Hrvatskoj. Krajnji proizvod se obra\u0111uje pod dobrom proizvo\u0111a\u010dkom praksom. Sadr\u017ei samo sastojke prirodnog porijekla. Bez umjetnih bojila, aroma, konzervansa. \u010cuvati na hladnom mjestu.<\/p>\n<p>Sastojci: Navedeni na pakiranju pod Sastav.<\/p>\n<p>Odgovorna osoba: \u017dIVA HRANA d.o.o.<\/p>\n<p>Najbolje upotrijebiti prije kraja: Datum otisnut na pakiranju. Podaci o proizvodima na web shopu (uklju\u010duju\u0107i fotografije) informativnog su karaktera i trudimo se a\u017eurirati ih u skladu s promjenama od strane proizvo\u0111a\u010da. Zbog mogu\u0107ih odstupanja molimo vas da prije uporabe proizvoda pro\u010ditate to\u010dne informacije na samom proizvodu.<\/p>\n","protected":false},"excerpt":{"rendered":"<h3>Za\u0161to odabrati na\u0161e <a href=\"https:\/\/greendrop.com.hr\/kategorija-proizvoda\/cbd-ulje-kapi\/\">CBD ulje<\/a>:<\/h3>\n<ol>\n<li>Mi smo <strong>proizvo\u0111a\u010d<\/strong>, kupujete direktno od nas (ne preprodajemo tu\u0111e proizvode).<\/li>\n<li>Kanabis uzgajamo na planta\u017ei <strong>u<\/strong> <strong>Hrvatskoj, u sjevernoj Dalmaciji<\/strong><\/li>\n<li>Ne koristimo <strong>pesticide<\/strong> kod uzgoja<\/li>\n<li>Koristimo isklju\u010divo <strong>doma\u0107e sirovine<\/strong><\/li>\n<li>Svi na\u0161i proizvodi temelje se na\u00a0<strong>punom spektru aktivnih tvari<\/strong><\/li>\n<\/ol>\n<p>Sastav:<\/p>\n<p>CBD ulje kapi 20% udio cbd-a, sa maslinovim uljem, 10ml.<\/p>\n<h3><a href=\"https:\/\/greendrop.com.hr\/proizvod\/cbd-pasta-70-cista-smola\/\">CBD ulje visoke koncentracije<\/a> \u2013 maksimalna podr\u0161ka iz prirode<\/h3>\n<p>Ova ja\u010dina je namijenjena korisnicima koji tra\u017ee sna\u017ean u\u010dinak \u2013 kod izra\u017eenog stresa, nesanice ili kroni\u010dne napetosti. Za jo\u0161 koncentriraniju alternativu, pogledajte <a href=\"https:\/\/greendrop.com.hr\/proizvod\/cbd-pasta-70-cista-smola\/\">CBD pastu 70%<\/a> u obliku \u010diste smole.<\/p>\n<p><strong>Jo\u0161 uvijek niste sigurni koji <a href=\"https:\/\/greendrop.com.hr\/trgovina\/\">CBD proizvod<\/a> odabrati?<\/strong><br \/>\nOvisno o stanju i va\u0161em cilju, na\u0161i \u0107e vas stru\u010dnjaci rado usmjeriti. Javite nam se na <a href=\"https:\/\/wa.me\/385992788344\">WhatsApp (klik ovdje)<\/a>, <a href=\"tel:00385992788344\">nazovite nas na 0992788344\u00a0<\/a> ili po\u0161aljite poruku putem kontakt forme ili e-maila.<\/p>\n","protected":false},"featured_media":6492,"comment_status":"open","ping_status":"closed","template":"","meta":{"_acf_changed":false,"inline_featured_image":false,"slim_seo":{"title":"CBD ulje PUNI SPEKTAR 20% (Kopiraj) - GreenDrop CBD | 100% natural product with all accompanying active substances","description":"Za\u0161to odabrati na\u0161e CBD ulje : Mi smo proizvo\u0111a\u010d , kupujete direktno od nas (ne preprodajemo tu\u0111e proizvode). Kanabis uzgajamo na planta\u017ei u Hrvatskoj, u sjever"}},"product_brand":[],"product_cat":[299],"product_tag":[],"class_list":{"0":"post-6676","1":"product","2":"type-product","3":"status-publish","4":"has-post-thumbnail","6":"product_cat-cbd-oil-drops","7":"pa_pakiranje-30ml","8":"pa_proizvodac-green-drop-ziva-hrana-doo","10":"first","11":"instock","12":"purchasable","13":"product-type-simple"},"acf":[],"_links":{"self":[{"href":"https:\/\/greendrop.com.hr\/en\/wp-json\/wp\/v2\/product\/6676","targetHints":{"allow":["GET"]}}],"collection":[{"href":"https:\/\/greendrop.com.hr\/en\/wp-json\/wp\/v2\/product"}],"about":[{"href":"https:\/\/greendrop.com.hr\/en\/wp-json\/wp\/v2\/types\/product"}],"replies":[{"embeddable":true,"href":"https:\/\/greendrop.com.hr\/en\/wp-json\/wp\/v2\/comments?post=6676"}],"wp:featuredmedia":[{"embeddable":true,"href":"https:\/\/greendrop.com.hr\/en\/wp-json\/wp\/v2\/media\/6492"}],"wp:attachment":[{"href":"https:\/\/greendrop.com.hr\/en\/wp-json\/wp\/v2\/media?parent=6676"}],"wp:term":[{"taxonomy":"product_brand","embeddable":true,"href":"https:\/\/greendrop.com.hr\/en\/wp-json\/wp\/v2\/product_brand?post=6676"},{"taxonomy":"product_cat","embeddable":true,"href":"https:\/\/greendrop.com.hr\/en\/wp-json\/wp\/v2\/product_cat?post=6676"},{"taxonomy":"product_tag","embeddable":true,"href":"https:\/\/greendrop.com.hr\/en\/wp-json\/wp\/v2\/product_tag?post=6676"}],"curies":[{"name":"wp","href":"https:\/\/api.w.org\/{rel}","templated":true}]}}