{"id":6648,"date":"2021-06-28T14:02:55","date_gmt":"2021-06-28T12:02:55","guid":{"rendered":"http:\/\/shop3.starter.com.hr\/cms\/?page_id=2"},"modified":"2021-06-28T14:02:55","modified_gmt":"2021-06-28T12:02:55","slug":"naslovnica-2","status":"publish","type":"page","link":"https:\/\/greendrop.com.hr\/en\/naslovnica-2\/","title":{"rendered":"Naslovnica"},"content":{"rendered":"","protected":false},"excerpt":{"rendered":"","protected":false},"author":1,"featured_media":0,"parent":0,"menu_order":0,"comment_status":"closed","ping_status":"closed","template":"template-naslovnica.php","meta":{"_acf_changed":false,"inline_featured_image":false,"slim_seo":{"title":"GreenDrop CBD | 100% prirodni proizvod sa svim pripadaju\u0107im aktivnim tvarima","description":"Pa\u017eljivo odabrane sorte, kao i stru\u010dno dobivanje ekstrakata pa sve do laboratorijske obrade i mje\u0161anja sastojaka i pakiranja proizvoda."},"footnotes":""},"class_list":["post-6648","page","type-page","status-publish","hentry"],"acf":[],"_links":{"self":[{"href":"https:\/\/greendrop.com.hr\/en\/wp-json\/wp\/v2\/pages\/6648","targetHints":{"allow":["GET"]}}],"collection":[{"href":"https:\/\/greendrop.com.hr\/en\/wp-json\/wp\/v2\/pages"}],"about":[{"href":"https:\/\/greendrop.com.hr\/en\/wp-json\/wp\/v2\/types\/page"}],"author":[{"embeddable":true,"href":"https:\/\/greendrop.com.hr\/en\/wp-json\/wp\/v2\/users\/1"}],"replies":[{"embeddable":true,"href":"https:\/\/greendrop.com.hr\/en\/wp-json\/wp\/v2\/comments?post=6648"}],"version-history":[{"count":0,"href":"https:\/\/greendrop.com.hr\/en\/wp-json\/wp\/v2\/pages\/6648\/revisions"}],"wp:attachment":[{"href":"https:\/\/greendrop.com.hr\/en\/wp-json\/wp\/v2\/media?parent=6648"}],"curies":[{"name":"wp","href":"https:\/\/api.w.org\/{rel}","templated":true}]}}